{"id":3,"date":"2019-10-15T22:02:12","date_gmt":"2019-10-16T01:02:12","guid":{"rendered":"https:\/\/es.hydrowheel.com.br\/?page_id=3"},"modified":"2022-06-24T10:45:52","modified_gmt":"2022-06-24T13:45:52","slug":"politica-de-privacidade","status":"publish","type":"page","link":"https:\/\/hydrowheel.com.br\/es\/politica-de-privacidade\/","title":{"rendered":"Pol\u00edtica de privacidad"},"content":{"rendered":"\n<p>Este sitio web es mantenido y operado por <strong>Hydrowheel Fabricacao de Maquinas e Equipamentos Ltda.<\/strong><\/p>\n\n\n\n<p>Recopilamos y utilizamos ciertos datos personales pertenecientes a quienes utilizan nuestro sitio web. Al hacerlo, actuamos como el controlador de estos datos y estamos sujetos a las disposiciones de la Ley Federal Brasilera n. 13.709\/2018 (Ley General de Protecci\u00f3n de Datos Personales &#8211; LGPD).<\/p>\n\n\n\n<p>Nos encargamos de la protecci\u00f3n de sus datos personales y, por ello, ponemos a su disposici\u00f3n esta pol\u00edtica de privacidad, la cual contiene informaci\u00f3n importante sobre:<\/p>\n\n\n\n<p>\u2013 Qui\u00e9n debe usar nuestro sitio web<\/p>\n\n\n\n<p>\u2013 Qu\u00e9 datos recopilamos y qu\u00e9 hacemos con ellos;<\/p>\n\n\n\n<p>\u2013 Sus derechos en relaci\u00f3n con sus datos personales; y<\/p>\n\n\n\n<ul><li>C\u00f3mo contactarnos.<\/li><\/ul>\n\n\n\n<ol><li>Datos que recopilamos y motivos de la recopilaci\u00f3n<br>Nuestro sitio web recopila y utiliza ciertos datos personales de nuestros usuarios, de acuerdo con lo establecido en esta secci\u00f3n.<\/li><\/ol>\n\n\n\n<h2>1.1. Datos personales proporcionados expresamente por el usuario<\/h2>\n\n\n\n<p><br>Recopilamos los siguientes datos personales que nuestros usuarios nos proporcionan expresamente al utilizar nuestro sitio web:<\/p>\n\n\n\n<ul><li>Nombre completo<\/li><li>Correo electr\u00f3nico<\/li><\/ul>\n\n\n\n<p>La recogida de estos datos tiene lugar en los siguientes horarios:<\/p>\n\n\n\n<p>\u2013 Cuando el usuario utiliza el formulario de contacto<\/p>\n\n\n\n<p>Los datos facilitados por nuestros usuarios se recogen con las siguientes finalidades:<\/p>\n\n\n\n<p>\u2013 Para que el usuario pueda contactar con nuestra empresa<\/p>\n\n\n\n<p>\u2013 Para que podamos ofrecer productos y servicios al usuario<\/p>\n\n\n\n<h3>1.2. informacion delicada<\/h3>\n\n\n\n<p><br>No se recabar\u00e1n datos sensibles de nuestros usuarios, entendiendo por tales los definidos en los arts. 11 y siguientes de la Ley de Protecci\u00f3n de Datos de Car\u00e1cter Personal. As\u00ed, no se recoger\u00e1n datos sobre origen racial o \u00e9tnico, convicci\u00f3n religiosa, opini\u00f3n pol\u00edtica, afiliaci\u00f3n sindical u organizaci\u00f3n de car\u00e1cter religioso, filos\u00f3fico o pol\u00edtico, datos referentes a la salud o vida sexual, datos gen\u00e9ticos o biom\u00e9tricos, cuando vinculado a una persona f\u00edsica.<\/p>\n\n\n\n<h3>1.3. Cookies<\/h3>\n\n\n\n<p><br>Las cookies son peque\u00f1os archivos de texto que se descargan autom\u00e1ticamente en su dispositivo cuando accede y navega por un sitio web. B\u00e1sicamente sirven para que sea posible identificar los dispositivos, actividades y preferencias de los usuarios. Las cookies no permiten extraer ning\u00fan archivo o informaci\u00f3n del disco duro del usuario, ni tampoco a trav\u00e9s de ellas se puede tener acceso a informaci\u00f3n personal que no proceda del usuario o de la forma en que utiliza los recursos de el sitio. .<\/p>\n\n\n\n<p>Los. cookies del sitio web<br>Las cookies del sitio web son aquellas enviadas al ordenador o dispositivo del usuario y administrador exclusivamente por el sitio web.<\/p>\n\n\n\n<p>La informaci\u00f3n recopilada a trav\u00e9s de estas cookies se usa para mejorar y personalizar la experiencia del usuario, y algunas cookies pueden, por ejemplo, usarse para recordar las preferencias y elecciones del usuario, as\u00ed como para ofrecer contenido personalizado.<\/p>\n\n\n\n<h4>B. Cookies de terceros<\/h4>\n\n\n\n<p><br>Algunos de nuestros socios pueden establecer cookies en los dispositivos de los usuarios que acceden a nuestro sitio web.<\/p>\n\n\n\n<p>Estas cookies, en general, tienen como objetivo permitir a nuestros socios ofrecer sus contenidos y servicios al usuario que accede a nuestro sitio web de forma personalizada, mediante la obtenci\u00f3n de datos de navegaci\u00f3n extra\u00eddos de su interacci\u00f3n con el sitio web.<\/p>\n\n\n\n<p>El usuario podr\u00e1 obtener m\u00e1s informaci\u00f3n sobre las cookies de terceros y el tratamiento de los datos que se obtienen de ellos, adem\u00e1s de acceder a la descripci\u00f3n de las cookies utilizadas y sus caracter\u00edsticas, accediendo al siguiente enlace:<\/p>\n\n\n\n<ul><li>Google analitico:<\/li><\/ul>\n\n\n\n<p><a href=\"https:\/\/developers.google.com\/analytics\/devguides\/collection\/gtagjs\/cookie-usage\">https:\/\/developers.google.com\/analytics\/devguides\/collection\/gtagjs\/cookie-usage<\/a><\/p>\n\n\n\n<p>Las entidades encargadas de la recogida de las cookies pueden transmitir la informaci\u00f3n obtenida a terceros.<\/p>\n\n\n\n<h4>C. Gesti\u00f3n de cookies<\/h4>\n\n\n\n<p><br>El usuario puede oponerse al registro de cookies por parte del sitio web, simplemente seleccionando qu\u00e9 cookies quiere permitir o bloquear en su primer acceso al sitio web, o bien desactivando esta opci\u00f3n en su propio navegador. Se puede acceder a m\u00e1s informaci\u00f3n sobre c\u00f3mo hacerlo en algunos de los principales navegadores utilizados en la actualidad desde los siguientes enlaces:<\/p>\n\n\n\n<p>Internet Explorer:<\/p>\n\n\n\n<p><a href=\"https:\/\/support.microsoft.com\/en-us\/help\/17442\/windows-internet-explorer-delete-manage-cookies\">https:\/\/support.microsoft.com\/en-us\/help\/17442\/windows-internet-explorer-delete-manage-cookies<\/a><\/p>\n\n\n\n<p>Safari:<\/p>\n\n\n\n<p><a href=\"https:\/\/support.apple.com\/en-us\/guide\/safari\/sfri11471\/mac\">https:\/\/support.apple.com\/en-us\/guide\/safari\/sfri11471\/mac<\/a><\/p>\n\n\n\n<p>Google Chrome:<\/p>\n\n\n\n<p><a href=\"https:\/\/support.google.com\/chrome\/answer\/95647?hl=pt-BR&amp;hlrm=pt\">https:\/\/support.google.com\/chrome\/answer\/95647?hl=pt-BR&amp;hlrm=pt<\/a><\/p>\n\n\n\n<p>Mozilla Firefox:<\/p>\n\n\n\n<p><a href=\"https:\/\/support.mozilla.org\/pt-BR\/kb\/active-e-desative-os-cookies-que-os-sites-usam\">https:\/\/support.mozilla.org\/pt-BR\/kb\/active-e-desative-os-cookies-que-os-sites-usam<\/a><\/p>\n\n\n\n<p>\u00d3pera:<\/p>\n\n\n\n<p><a href=\"https:\/\/www.opera.com\/help\/tutorials\/security\/privacy\/\">https:\/\/www.opera.com\/help\/tutorials\/security\/privacy\/<\/a><\/p>\n\n\n\n<p>La desactivaci\u00f3n de las cookies, sin embargo, puede afectar a la disponibilidad de algunas herramientas y funcionalidades del sitio web, comprometiendo el correcto y esperado funcionamiento de las mismas. Otra posible consecuencia es la eliminaci\u00f3n de preferencias de usuario que se hayan podido guardar perjudicando su experiencia.<\/p>\n\n\n\n<h3>1.4. Recogida de datos no previstos expresamente<\/h3>\n\n\n\n<p><br>Eventualmente, se podr\u00e1n recabar otro tipo de datos no previstos expresamente en esta Pol\u00edtica de Privacidad, siempre que se faciliten con el consentimiento del usuario, o incluso que se permita su recogida en base a otra base legal prevista por la ley.<\/p>\n\n\n\n<p>En todo caso, la recogida de datos y las actividades de tratamiento resultantes ser\u00e1n informadas a los usuarios del sitio web.<\/p>\n\n\n\n<h2>2. Compartir datos personales con terceros<\/h2>\n\n\n\n<p><br>No compartimos sus datos personales con terceros. A pesar de ello, es posible que lo hagamos para dar cumplimiento a alguna determinaci\u00f3n legal o reglamentaria, o incluso para dar cumplimiento a una orden emitida por una autoridad p\u00fablica.<\/p>\n\n\n\n<h2>3. \u00bfCu\u00e1nto tiempo se almacenar\u00e1n sus datos personales?<\/h2>\n\n\n\n<p><br>Los datos personales recabados por el sitio web son almacenados y utilizados por un per\u00edodo de tiempo que corresponde al necesario para lograr los fines enumerados en este documento y que considera los derechos de sus titulares, los derechos del controlador del sitio web y las disposiciones legales o reglamentarias aplicables. disposiciones reglamentarias.<\/p>\n\n\n\n<p>Una vez vencidos los plazos de conservaci\u00f3n de los datos personales, estos son eliminados de nuestras bases de datos o anonimizados, salvo en los casos en que exista la posibilidad o necesidad de conservaci\u00f3n por disposiciones legales o reglamentarias.<\/p>\n\n\n\n<h2>4. Base legal para el procesamiento de datos personales<\/h2>\n\n\n\n<p><br>Cada operaci\u00f3n de tratamiento de datos personales debe tener una base legal, es decir, una base legal, que no es m\u00e1s que una justificaci\u00f3n que lo autorice, prevista en la Ley General de Protecci\u00f3n de Datos Personales.<\/p>\n\n\n\n<p>Todas Nuestras actividades de tratamiento de datos personales tienen una base jur\u00eddica en la que se basan, entre las permitidas por la legislaci\u00f3n. Puede obtener m\u00e1s informaci\u00f3n sobre las bases legales que utilizamos para operaciones espec\u00edficas de procesamiento de datos personales en nuestros canales de contacto, informados al final de esta Pol\u00edtica.<\/p>\n\n\n\n<h2>5.0 Derechos del usuario<\/h2>\n\n\n\n<p><br>El usuario del sitio web tiene los siguientes derechos, otorgados por la Ley de Protecci\u00f3n de Datos de Car\u00e1cter Personal:<\/p>\n\n\n\n<p>\u2013 confirmaci\u00f3n de la existencia del tratamiento;<\/p>\n\n\n\n<p>\u2013 acceso a los datos;<\/p>\n\n\n\n<p>\u2013 correcci\u00f3n de datos incompletos, inexactos o desactualizados;<\/p>\n\n\n\n<p>\u2013 anonimizaci\u00f3n, bloqueo o eliminaci\u00f3n de datos innecesarios, excesivos o procesados \u200b\u200ben violaci\u00f3n de las disposiciones de la ley;<\/p>\n\n\n\n<p>\u2013 portabilidad de datos a otro proveedor de servicios o productos, previa solicitud expresa, de conformidad con las normas de la autoridad nacional, observando secretos comerciales e industriales;<\/p>\n\n\n\n<p>\u2013 supresi\u00f3n de datos personales procesados \u200b\u200bcon el consentimiento del titular, excepto en los casos previstos por la ley;<\/p>\n\n\n\n<p>\u2013 informaci\u00f3n sobre las entidades p\u00fablicas y privadas con las que el controlador ha compartido el uso de datos;<\/p>\n\n\n\n<p>\u2013 informaci\u00f3n sobre la posibilidad de no dar su consentimiento y sobre las consecuencias de la denegaci\u00f3n;<\/p>\n\n\n\n<p>\u2013 revocaci\u00f3n del consentimiento.<\/p>\n\n\n\n<p>Es importante se\u00f1alar que, en virtud de la LGPD, no existe el derecho a suprimir los datos tratados sobre la base de bases jur\u00eddicas distintas al consentimiento, salvo que los datos sean innecesarios, excesivos o tratados contraviniendo la ley.<\/p>\n\n\n\n<h3>5.1. C\u00f3mo puede el titular ejercer sus derechos<\/h3>\n\n\n\n<p><br>Con el fin de asegurar que el usuario que pretende ejercer sus derechos es, efectivamente, el titular de los datos personales objeto de la solicitud, podremos solicitarle documentos u otra informaci\u00f3n que pueda ayudar a su correcta identificaci\u00f3n, con el fin de proteger nuestros derechos. y los derechos de terceros. Sin embargo, esto solo se har\u00e1 si es absolutamente necesario, y el solicitante recibir\u00e1 toda la informaci\u00f3n relacionada.<\/p>\n\n\n\n<h2>6.0 Medidas de seguridad en el tratamiento de datos personales<\/h2>\n\n\n\n<p><br>Empleamos medidas t\u00e9cnicas y organizativas capaces de proteger los datos personales del acceso no autorizado y de situaciones de destrucci\u00f3n, p\u00e9rdida, extrav\u00edo o alteraci\u00f3n de dichos datos.<\/p>\n\n\n\n<p>Las medidas que utilizamos tienen en cuenta la naturaleza de los datos, el contexto y finalidad del tratamiento, los riesgos que generar\u00eda una posible vulneraci\u00f3n para los derechos y libertades del usuario, y los est\u00e1ndares actualmente utilizados en el mercado por empresas similares a nuestro.<\/p>\n\n\n\n<p>Entre las medidas de seguridad adoptadas por nosotros, destacamos las siguientes:<\/p>\n\n\n\n<p>\u2013 Cifrado SSL<\/p>\n\n\n\n<p>\u2013 Acceso a la base de datos restringido al propietario y administrador<\/p>\n\n\n\n<p>Aunque adopte todo lo que est\u00e9 a su alcance para evitar incidentes de seguridad, es posible que se produzca un problema motivado exclusivamente por un tercero, como en el caso de ataques de hackers o crackers, o incluso en el caso de culpa exclusiva del usuario. usuario, que se produce, por ejemplo, cuando \u00e9l mismo cede sus datos a un tercero. As\u00ed, aunque somos, en general, responsables de los datos personales que tratamos, estamos exentos de responsabilidad ante una situaci\u00f3n excepcional como \u00e9sta, sobre la que no tenemos control alguno.<\/p>\n\n\n\n<p>En cualquier caso, si se produjera alg\u00fan tipo de incidente de seguridad que pudiera generar un riesgo o da\u00f1o relevante a alguno de nuestros usuarios, notificaremos a los afectados y a la Autoridad Nacional de Protecci\u00f3n de Datos lo ocurrido, de acuerdo con lo establecido en la Ley General de Protecci\u00f3n de Datos.<\/p>\n\n\n\n<h2>7. Reclamaci\u00f3n ante una autoridad de control<\/h2>\n\n\n\n<p><br>Sin perjuicio de cualquier otra v\u00eda administrativa o judicial, los titulares de datos personales que se sientan, de alguna forma, perjudicados, podr\u00e1n presentar una denuncia ante la Autoridad Nacional de Protecci\u00f3n de Datos.<\/p>\n\n\n\n<h2>8. Cambios a esta pol\u00edtica<\/h2>\n\n\n\n<p><br>Esta versi\u00f3n de esta Pol\u00edtica de privacidad se actualiz\u00f3 por \u00faltima vez el: 24\/06\/2022.<\/p>\n\n\n\n<p>Nos reservamos el derecho de modificar, en cualquier momento, las presentes normas, especialmente para adaptarlas a los cambios que se produzcan en nuestro sitio web, ya sea poniendo a disposici\u00f3n nuevas funcionalidades, o eliminando o modificando las existentes.<\/p>\n\n\n\n<p>Siempre que haya una modificaci\u00f3n, nuestros usuarios ser\u00e1n notificados del cambio.<\/p>\n\n\n\n<h2>9. C\u00f3mo contactarnos<\/h2>\n\n\n\n<p><br>Para aclarar cualquier duda sobre esta Pol\u00edtica de Privacidad o sobre los datos personales que tratamos, p\u00f3ngase en contacto con nosotros a trav\u00e9s de cualquiera de los canales que se mencionan a continuaci\u00f3n:<\/p>\n\n\n\n<p><strong>Correo electr\u00f3nico:<\/strong> contato@hydrowheel.com.br<\/p>\n\n\n\n<p><strong>Direcci\u00f3n postal:<\/strong> Estrada Blumenau, 3860, galp\u00f3n 01, Bairro Bremer, Rio do Sul \u2013 SC, CEP 89161-000<\/p>\n","protected":false},"excerpt":{"rendered":"<p>Este sitio web es mantenido y operado por Hydrowheel Fabricacao de Maquinas e Equipamentos Ltda. Recopilamos y utilizamos ciertos datos personales pertenecientes a quienes utilizan nuestro<span class=\"excerpt-hellip\"> [\u2026]<\/span><\/p>\n","protected":false},"author":1,"featured_media":0,"parent":0,"menu_order":0,"comment_status":"closed","ping_status":"open","template":"","meta":[],"_links":{"self":[{"href":"https:\/\/hydrowheel.com.br\/es\/wp-json\/wp\/v2\/pages\/3"}],"collection":[{"href":"https:\/\/hydrowheel.com.br\/es\/wp-json\/wp\/v2\/pages"}],"about":[{"href":"https:\/\/hydrowheel.com.br\/es\/wp-json\/wp\/v2\/types\/page"}],"author":[{"embeddable":true,"href":"https:\/\/hydrowheel.com.br\/es\/wp-json\/wp\/v2\/users\/1"}],"replies":[{"embeddable":true,"href":"https:\/\/hydrowheel.com.br\/es\/wp-json\/wp\/v2\/comments?post=3"}],"version-history":[{"count":3,"href":"https:\/\/hydrowheel.com.br\/es\/wp-json\/wp\/v2\/pages\/3\/revisions"}],"predecessor-version":[{"id":948,"href":"https:\/\/hydrowheel.com.br\/es\/wp-json\/wp\/v2\/pages\/3\/revisions\/948"}],"wp:attachment":[{"href":"https:\/\/hydrowheel.com.br\/es\/wp-json\/wp\/v2\/media?parent=3"}],"curies":[{"name":"wp","href":"https:\/\/api.w.org\/{rel}","templated":true}]}}